{"id":26,"date":"2023-12-07T04:34:41","date_gmt":"2023-12-07T04:34:41","guid":{"rendered":"https:\/\/wordpress.themeholy.com\/mediax\/?page_id=26"},"modified":"2024-07-24T19:22:25","modified_gmt":"2024-07-24T19:22:25","slug":"hakkimizda","status":"publish","type":"page","link":"https:\/\/devasacekim.com\/?page_id=26","title":{"rendered":"Hakk\u0131m\u0131zda"},"content":{"rendered":"\t\t<div data-elementor-type=\"wp-page\" data-elementor-id=\"26\" class=\"elementor elementor-26\">\n\t\t\t\t<div class=\"elementor-element elementor-element-c11a95e e-flex e-con-boxed e-con e-parent\" data-id=\"c11a95e\" data-element_type=\"container\">\n\t\t\t\t\t<div class=\"e-con-inner\">\n\t\t\r\n\t\t<div class=\"elementor-element elementor-element-30df94e elementor-widget__width-initial elementor-widget-tablet__width-initial elementor-widget-mobile__width-inherit elementor-widget elementor-widget-mediaxsectiontitle\" data-id=\"30df94e\" data-element_type=\"widget\" data-widget_type=\"mediaxsectiontitle.default\">\n\t\t\t\t<div class=\"elementor-widget-container\">\n\t\t\t\t\t\t<div class=\"title-area text-center \">\r\n\t\t\t\t<span class=\"sub-title \"><img decoding=\"async\" src=\"https:\/\/devasacekim.com\/wp-content\/plugins\/mediax-core\/assets\/img\/title_icon.svg\" alt=\"Shape\">Deva Sa\u00e7 Ekim Merkezi<\/span><h2 class=\"sec-title \">Neden Deva Sa\u00e7 Ekim Merkezi'ni Tercih Etmelisiniz?<\/h2>\t\t\t<\/div>\r\n\t\t\t\t<\/div>\n\t\t\t\t<\/div>\n\t\t<div class=\"elementor-element elementor-element-fdbfd30 e-con-full e-flex e-con e-child\" data-id=\"fdbfd30\" data-element_type=\"container\">\n\t\t<div class=\"elementor-element elementor-element-969dbd9 e-con-full e-flex e-con e-child\" data-id=\"969dbd9\" data-element_type=\"container\">\n\t\t\t\t<div class=\"elementor-element elementor-element-62e321c elementor-widget elementor-widget-mediaximage\" data-id=\"62e321c\" data-element_type=\"widget\" data-widget_type=\"mediaximage.default\">\n\t\t\t\t<div class=\"elementor-widget-container\">\n\t\t\t<div class=\"img-box1\"><div class=\"img1\"><img decoding=\"async\" src=\"https:\/\/wordpress.themeholy.com\/mediax\/wp-content\/uploads\/2023\/12\/about_1_3.png\" alt=\"about_1_3\"  \/><\/div><div class=\"about-info\"><h3 class=\"box-title\">Dr. Emel \u00c7a\u011flayan<\/h3><p class=\"box-text\">Sa\u00e7 Ekim <br> Uzman\u0131<\/p><div class=\"box-review\"><i class=\"fa-sharp fa-solid fa-star\"><\/i><i class=\"fa-sharp fa-solid fa-star\"><\/i><i class=\"fa-sharp fa-solid fa-star\"><\/i><i class=\"fa-sharp fa-solid fa-star\"><\/i><i class=\"fa-sharp fa-solid fa-star\"><\/i> <\/div><a href=\"tel:+905324495379\" class=\"box-link\"><i class=\"fa-solid fa-phone\"><\/i>+90 532 449 53 79<\/a><\/div><\/div>\t\t<\/div>\n\t\t\t\t<\/div>\n\t\t\t\t<\/div>\n\t\t<div class=\"elementor-element elementor-element-36b5a72 e-con-full e-flex e-con e-child\" data-id=\"36b5a72\" data-element_type=\"container\">\n\t\t\t\t<div class=\"elementor-element elementor-element-9fe5710 elementor-widget-tablet__width-initial elementor-widget elementor-widget-text-editor\" data-id=\"9fe5710\" data-element_type=\"widget\" data-widget_type=\"text-editor.default\">\n\t\t\t\t<div class=\"elementor-widget-container\">\n\t\t\t<style>\/*! elementor - v3.22.0 - 26-06-2024 *\/\n.elementor-widget-text-editor.elementor-drop-cap-view-stacked .elementor-drop-cap{background-color:#69727d;color:#fff}.elementor-widget-text-editor.elementor-drop-cap-view-framed .elementor-drop-cap{color:#69727d;border:3px solid;background-color:transparent}.elementor-widget-text-editor:not(.elementor-drop-cap-view-default) .elementor-drop-cap{margin-top:8px}.elementor-widget-text-editor:not(.elementor-drop-cap-view-default) .elementor-drop-cap-letter{width:1em;height:1em}.elementor-widget-text-editor .elementor-drop-cap{float:left;text-align:center;line-height:1;font-size:50px}.elementor-widget-text-editor .elementor-drop-cap-letter{display:inline-block}<\/style>\t\t\t\t<p>Uzun y\u0131llara dayanan tecr\u00fcbemiz, tan\u0131nm\u0131\u015f cerrahlar grubu, y\u00fcksek kalite ve uygun maliyetler ile sa\u011fl\u0131k sisteminde kendinizi g\u00fcvende hissetmenizi sa\u011fl\u0131yoruz. Amac\u0131m\u0131z, makul maliyetlerle en iyi tedavileri alman\u0131za yard\u0131mc\u0131 olmakt\u0131r. JCI akreditasyonuna sahip en iyi oteller, doktorlar ve benzersiz konforlu hastanelerle \u00e7al\u0131\u015f\u0131yoruz. Sadece isteklerinizi bize bildirin ve her \u015feyi elimize b\u0131rak\u0131n, t\u00fcm ihtiya\u00e7lar\u0131n\u0131z\u0131 m\u00fckemmel \u015fekilde organize edelim. Profesyonel uzmanlar\u0131m\u0131z, T\u00fcrkiye\u2019deki en kaliteli otel ve hastanelerde en iyi t\u0131bbi paketi vermeyi ayarlayacakt\u0131r. Kendinizi evinizde gibi hissedecek ve vatan hasreti \u00e7ekmeden farkl\u0131 bir \u00f6m\u00fcr ge\u00e7ireceksiniz.<\/p>\t\t\t\t\t\t<\/div>\n\t\t\t\t<\/div>\n\t\t\t\t<\/div>\n\t\t\t\t<\/div>\n\t\t\t\t\t<\/div>\n\t\t\t\t<\/div>\n\t\t\t\t<\/div>\n\t\t","protected":false},"excerpt":{"rendered":"<p>Deva Sa\u00e7 Ekim Merkezi Neden Deva Sa\u00e7 Ekim Merkezi&#8217;ni Tercih Etmelisiniz? Dr. Emel \u00c7a\u011flayan Sa\u00e7 Ekim Uzman\u0131 +90 532 449 53 79 Uzun y\u0131llara dayanan tecr\u00fcbemiz, tan\u0131nm\u0131\u015f cerrahlar grubu, y\u00fcksek kalite ve uygun maliyetler ile sa\u011fl\u0131k sisteminde kendinizi g\u00fcvende hissetmenizi sa\u011fl\u0131yoruz. Amac\u0131m\u0131z, makul maliyetlerle en iyi tedavileri alman\u0131za yard\u0131mc\u0131 olmakt\u0131r. JCI akreditasyonuna sahip en iyi&#8230;<\/p>\n","protected":false},"author":1,"featured_media":0,"parent":0,"menu_order":0,"comment_status":"closed","ping_status":"closed","template":"template-builder.php","meta":{"_monsterinsights_skip_tracking":false,"_monsterinsights_sitenote_active":false,"_monsterinsights_sitenote_note":"","_monsterinsights_sitenote_category":0,"footnotes":""},"class_list":["post-26","page","type-page","status-publish","hentry"],"aioseo_notices":[],"_links":{"self":[{"href":"https:\/\/devasacekim.com\/index.php?rest_route=\/wp\/v2\/pages\/26","targetHints":{"allow":["GET"]}}],"collection":[{"href":"https:\/\/devasacekim.com\/index.php?rest_route=\/wp\/v2\/pages"}],"about":[{"href":"https:\/\/devasacekim.com\/index.php?rest_route=\/wp\/v2\/types\/page"}],"author":[{"embeddable":true,"href":"https:\/\/devasacekim.com\/index.php?rest_route=\/wp\/v2\/users\/1"}],"replies":[{"embeddable":true,"href":"https:\/\/devasacekim.com\/index.php?rest_route=%2Fwp%2Fv2%2Fcomments&post=26"}],"version-history":[{"count":7,"href":"https:\/\/devasacekim.com\/index.php?rest_route=\/wp\/v2\/pages\/26\/revisions"}],"predecessor-version":[{"id":3109,"href":"https:\/\/devasacekim.com\/index.php?rest_route=\/wp\/v2\/pages\/26\/revisions\/3109"}],"wp:attachment":[{"href":"https:\/\/devasacekim.com\/index.php?rest_route=%2Fwp%2Fv2%2Fmedia&parent=26"}],"curies":[{"name":"wp","href":"https:\/\/api.w.org\/{rel}","templated":true}]}}