{"id":3187,"date":"2024-09-24T12:03:07","date_gmt":"2024-09-24T12:03:07","guid":{"rendered":"https:\/\/devasacekim.com\/?page_id=3187"},"modified":"2024-09-24T12:03:44","modified_gmt":"2024-09-24T12:03:44","slug":"biyik-ekimi","status":"publish","type":"page","link":"https:\/\/devasacekim.com\/?page_id=3187","title":{"rendered":"B\u0131y\u0131k Ekimi"},"content":{"rendered":"\t\t<div data-elementor-type=\"wp-page\" data-elementor-id=\"3187\" class=\"elementor elementor-3187\">\n\t\t\t\t<div class=\"elementor-element elementor-element-d98c8cc e-flex e-con-boxed e-con e-parent\" data-id=\"d98c8cc\" data-element_type=\"container\">\n\t\t\t\t\t<div class=\"e-con-inner\">\n\t\t\r\n\t\t<div class=\"elementor-element elementor-element-653aca3 elementor-widget elementor-widget-text-editor\" data-id=\"653aca3\" data-element_type=\"widget\" data-widget_type=\"text-editor.default\">\n\t\t\t\t<div class=\"elementor-widget-container\">\n\t\t\t<style>\/*! elementor - v3.22.0 - 26-06-2024 *\/\n.elementor-widget-text-editor.elementor-drop-cap-view-stacked .elementor-drop-cap{background-color:#69727d;color:#fff}.elementor-widget-text-editor.elementor-drop-cap-view-framed .elementor-drop-cap{color:#69727d;border:3px solid;background-color:transparent}.elementor-widget-text-editor:not(.elementor-drop-cap-view-default) .elementor-drop-cap{margin-top:8px}.elementor-widget-text-editor:not(.elementor-drop-cap-view-default) .elementor-drop-cap-letter{width:1em;height:1em}.elementor-widget-text-editor .elementor-drop-cap{float:left;text-align:center;line-height:1;font-size:50px}.elementor-widget-text-editor .elementor-drop-cap-letter{display:inline-block}<\/style>\t\t\t\t<p><strong>Deva Sa\u00e7 Ekim Merkezi: B\u0131y\u0131k Ekimi ile Y\u00fcz Esteti\u011finizi Tamamlay\u0131n<\/strong><\/p><p>B\u0131y\u0131k, tarih boyunca erkekler i\u00e7in g\u00fc\u00e7l\u00fc bir stil ve estetik sembol\u00fc olmu\u015ftur. Ancak, baz\u0131 erkekler genetik, yara izleri ya da di\u011fer sa\u011fl\u0131k problemleri nedeniyle b\u0131y\u0131k b\u00f6lgesinde seyrelme veya b\u0131y\u0131k \u00e7\u0131kmamas\u0131 gibi sorunlarla kar\u015f\u0131la\u015fabilirler. Bu gibi durumlarda b\u0131y\u0131k ekimi, do\u011fal ve kal\u0131c\u0131 bir \u00e7\u00f6z\u00fcm sunar. Deva Sa\u00e7 Ekim Merkezi olarak sundu\u011fumuz b\u0131y\u0131k ekimi hizmeti ile eksiksiz ve dolgun b\u0131y\u0131klara sahip olabilirsiniz. Peki, b\u0131y\u0131k ekimi nedir ve nas\u0131l yap\u0131l\u0131r?<\/p><h3>B\u0131y\u0131k Ekimi Nedir?<\/h3><p>B\u0131y\u0131k ekimi, y\u00fcz b\u00f6lgesinde b\u0131y\u0131k \u00e7\u0131kmayan ya da seyrek olan alanlara, ki\u015finin kendi sa\u00e7 k\u00f6klerinin nakledilmesi i\u015flemidir. Sa\u00e7 k\u00f6kleri genellikle ense b\u00f6lgesinden al\u0131n\u0131r ve b\u0131y\u0131k b\u00f6lgesine ekilir. Bu i\u015flem, do\u011fal bir g\u00f6r\u00fcn\u00fcm elde etmeye y\u00f6nelik olarak yap\u0131l\u0131r ve ki\u015finin y\u00fcz hatlar\u0131na uygun \u015fekilde tasarlan\u0131r. B\u0131y\u0131k ekimi, b\u0131y\u0131klar\u0131n yeniden \u015fekillendirilmesi ve yo\u011funla\u015ft\u0131r\u0131lmas\u0131 i\u00e7in en etkili y\u00f6ntemlerden biridir.<\/p><h3>B\u0131y\u0131k Ekimi Nas\u0131l Yap\u0131l\u0131r?<\/h3><p>Deva Sa\u00e7 Ekim Merkezi\u2019nde b\u0131y\u0131k ekimi, FUE (Folik\u00fcler \u00dcnite Ekstraksiyonu) tekni\u011fi ile ger\u00e7ekle\u015ftirilir. Bu teknik, minimal invaziv bir y\u00f6ntem oldu\u011fu i\u00e7in olduk\u00e7a pop\u00fclerdir. FUE y\u00f6nteminde sa\u00e7 k\u00f6kleri, ense b\u00f6lgesinden tek tek al\u0131narak b\u0131y\u0131k b\u00f6lgesine ekilir. Ekim i\u015flemi s\u0131ras\u0131nda her bir k\u0131l k\u00f6k\u00fc, do\u011fal bir g\u00f6r\u00fcn\u00fcm sa\u011flamak amac\u0131yla do\u011fru a\u00e7\u0131larla ve y\u00f6nlerle yerle\u015ftirilir.<\/p><p>\u0130\u015flem \u00f6ncesinde, uzman doktorlar\u0131m\u0131z y\u00fcz yap\u0131n\u0131z\u0131 analiz ederek b\u0131y\u0131klar\u0131n yo\u011funlu\u011fu, \u015fekli ve b\u00fcy\u00fcme y\u00f6n\u00fc hakk\u0131nda sizinle detayl\u0131 bir plan olu\u015fturur. B\u0131y\u0131k ekimi s\u0131ras\u0131nda kullan\u0131lan sa\u00e7 k\u00f6kleri, do\u011fal b\u0131y\u0131k g\u00f6r\u00fcn\u00fcm\u00fcne uygun olacak \u015fekilde \u00f6zenle se\u00e7ilir ve yerle\u015ftirilir.<\/p><h3>B\u0131y\u0131k Ekimi Kimler \u0130\u00e7in Uygundur?<\/h3><p>B\u0131y\u0131k ekimi, b\u0131y\u0131k b\u00f6lgesinde seyrekle\u015fme veya hi\u00e7 b\u0131y\u0131k \u00e7\u0131kmama gibi sorunlar ya\u015fayan erkekler i\u00e7in idealdir. Genetik fakt\u00f6rler, yan\u0131klar, yara izleri veya hormonal dengesizlikler nedeniyle b\u0131y\u0131k \u00e7\u0131kmayan b\u00f6lgelerde ekim i\u015flemi ba\u015far\u0131l\u0131 sonu\u00e7lar verir. Ayr\u0131ca, b\u0131y\u0131k yo\u011funlu\u011fundan memnun olmayan ve b\u0131y\u0131klar\u0131n\u0131 daha dolgun hale getirmek isteyen erkekler de b\u0131y\u0131k ekimi i\u00e7in uygun adaylard\u0131r.<\/p><p>Herhangi bir b\u0131y\u0131k d\u00f6k\u00fclmesi problemi ya\u015fayan ve bu konuda kal\u0131c\u0131 bir \u00e7\u00f6z\u00fcm arayan erkekler, Deva Sa\u00e7 Ekim Merkezi\u2019nde yap\u0131lan \u00f6n muayene sonucunda ekime uygun olup olmad\u0131klar\u0131n\u0131 \u00f6\u011frenebilirler.<\/p><h3>B\u0131y\u0131k Ekimi Sonras\u0131 \u0130yile\u015fme S\u00fcreci<\/h3><p>B\u0131y\u0131k ekimi i\u015flemi genellikle lokal anestezi alt\u0131nda ger\u00e7ekle\u015ftirilir ve hasta i\u00e7in konforlu bir s\u00fcre\u00e7tir. \u0130\u015flem sonras\u0131nda hafif k\u0131zar\u0131kl\u0131k ve kabuklanma gibi belirtiler olabilir; bu belirtiler genellikle birka\u00e7 g\u00fcn i\u00e7inde kendili\u011finden ge\u00e7er. Ekilen k\u00f6kler, i\u015flemden birka\u00e7 hafta sonra d\u00f6k\u00fclmeye ba\u015flar, ancak bu do\u011fal bir s\u00fcre\u00e7tir. Yakla\u015f\u0131k 3 ay sonra ekilen k\u0131llar yeniden uzamaya ba\u015flar ve 6-9 ay i\u00e7erisinde kal\u0131c\u0131 sonu\u00e7lar elde edilir.<\/p><p>\u0130yile\u015fme s\u00fcrecinde doktorun verdi\u011fi talimatlara dikkat etmek, i\u015flem sonras\u0131 ba\u015far\u0131 oran\u0131n\u0131 art\u0131r\u0131r. \u00d6rne\u011fin, b\u0131y\u0131k b\u00f6lgesine nazik davranmak, a\u011f\u0131r fiziksel aktivitelerden ka\u00e7\u0131nmak ve b\u00f6lgeyi temiz tutmak \u00f6nemlidir.<\/p><h3>B\u0131y\u0131k Ekimi ile Do\u011fal ve Kal\u0131c\u0131 Sonu\u00e7lar<\/h3><p>Deva Sa\u00e7 Ekim Merkezi olarak, b\u0131y\u0131k ekimi konusunda deneyimli ekibimiz ve geli\u015fmi\u015f teknolojilerimizle hastalar\u0131m\u0131za en do\u011fal ve kal\u0131c\u0131 sonu\u00e7lar\u0131 sunuyoruz. B\u0131y\u0131k ekimi, erkek y\u00fcz esteti\u011finde b\u00fcy\u00fck bir fark yaratabilir ve \u00f6zg\u00fcveninizi art\u0131rabilir. Ekim i\u015flemi s\u0131ras\u0131nda y\u00fcz hatlar\u0131n\u0131za uygun bir tasar\u0131m yaparak, do\u011fal g\u00f6r\u00fcn\u00fcml\u00fc b\u0131y\u0131klar elde etmenizi sa\u011fl\u0131yoruz.<\/p><p>B\u0131y\u0131k ekimi sonras\u0131, yeni b\u0131y\u0131klar\u0131n\u0131z do\u011fal bir \u015fekilde uzar ve zamanla kendi b\u0131y\u0131klar\u0131n\u0131z gibi g\u00f6r\u00fcn\u00fcr. Ekim i\u015flemi sonras\u0131nda elde edilen sonu\u00e7lar kal\u0131c\u0131d\u0131r ve tekrar bir i\u015flem yap\u0131lmas\u0131na gerek kalmaz.<\/p><h3>Neden Deva Sa\u00e7 Ekim Merkezi?<\/h3><ul><li><strong>Uzman Kadro:<\/strong> Deneyimli ve uzman doktorlar\u0131m\u0131z, b\u0131y\u0131k ekimi konusunda size en uygun \u00e7\u00f6z\u00fcmleri sunmak i\u00e7in \u00e7al\u0131\u015f\u0131r.<\/li><li><strong>Ki\u015fiye \u00d6zel Planlama:<\/strong> Y\u00fcz hatlar\u0131n\u0131za ve b\u0131y\u0131k yap\u0131n\u0131za uygun bir planlama ile do\u011fal bir g\u00f6r\u00fcn\u00fcm elde edersiniz.<\/li><li><strong>Son Teknoloji:<\/strong> En yeni teknolojileri ve teknikleri kullanarak, minimum iz ve maksimum ba\u015far\u0131 ile b\u0131y\u0131k ekimi ger\u00e7ekle\u015ftiriyoruz.<\/li><li><strong>Hasta Memnuniyeti:<\/strong> Ekim sonras\u0131 takip ve destek hizmetlerimizle hastalar\u0131m\u0131z\u0131n her ad\u0131mda yan\u0131nday\u0131z.<\/li><\/ul><p>Siz de dolgun ve estetik b\u0131y\u0131klar i\u00e7in Deva Sa\u00e7 Ekim Merkezi\u2019nin sundu\u011fu profesyonel hizmetlerden yararlanabilirsiniz. Uzman ekibimizle tan\u0131\u015fmak, \u00fccretsiz dan\u0131\u015fmanl\u0131k almak ve istedi\u011finiz b\u0131y\u0131k g\u00f6r\u00fcn\u00fcm\u00fcne kavu\u015fmak i\u00e7in bizimle ileti\u015fime ge\u00e7in.<\/p><p><strong>B\u0131y\u0131klar\u0131n\u0131zla Fark Yarat\u0131n, Kendinize G\u00fcvenin!<\/strong><\/p>\t\t\t\t\t\t<\/div>\n\t\t\t\t<\/div>\n\t\t\t\t\t<\/div>\n\t\t\t\t<\/div>\n\t\t\t\t<\/div>\n\t\t","protected":false},"excerpt":{"rendered":"<p>Deva Sa\u00e7 Ekim Merkezi: B\u0131y\u0131k Ekimi ile Y\u00fcz Esteti\u011finizi Tamamlay\u0131n B\u0131y\u0131k, tarih boyunca erkekler i\u00e7in g\u00fc\u00e7l\u00fc bir stil ve estetik sembol\u00fc olmu\u015ftur. Ancak, baz\u0131 erkekler genetik, yara izleri ya da di\u011fer sa\u011fl\u0131k problemleri nedeniyle b\u0131y\u0131k b\u00f6lgesinde seyrelme veya b\u0131y\u0131k \u00e7\u0131kmamas\u0131 gibi sorunlarla kar\u015f\u0131la\u015fabilirler. Bu gibi durumlarda b\u0131y\u0131k ekimi, do\u011fal ve kal\u0131c\u0131 bir \u00e7\u00f6z\u00fcm sunar. Deva&#8230;<\/p>\n","protected":false},"author":1,"featured_media":0,"parent":0,"menu_order":0,"comment_status":"closed","ping_status":"closed","template":"","meta":{"_monsterinsights_skip_tracking":false,"_monsterinsights_sitenote_active":false,"_monsterinsights_sitenote_note":"","_monsterinsights_sitenote_category":0,"footnotes":""},"class_list":["post-3187","page","type-page","status-publish","hentry"],"aioseo_notices":[],"_links":{"self":[{"href":"https:\/\/devasacekim.com\/index.php?rest_route=\/wp\/v2\/pages\/3187","targetHints":{"allow":["GET"]}}],"collection":[{"href":"https:\/\/devasacekim.com\/index.php?rest_route=\/wp\/v2\/pages"}],"about":[{"href":"https:\/\/devasacekim.com\/index.php?rest_route=\/wp\/v2\/types\/page"}],"author":[{"embeddable":true,"href":"https:\/\/devasacekim.com\/index.php?rest_route=\/wp\/v2\/users\/1"}],"replies":[{"embeddable":true,"href":"https:\/\/devasacekim.com\/index.php?rest_route=%2Fwp%2Fv2%2Fcomments&post=3187"}],"version-history":[{"count":4,"href":"https:\/\/devasacekim.com\/index.php?rest_route=\/wp\/v2\/pages\/3187\/revisions"}],"predecessor-version":[{"id":3191,"href":"https:\/\/devasacekim.com\/index.php?rest_route=\/wp\/v2\/pages\/3187\/revisions\/3191"}],"wp:attachment":[{"href":"https:\/\/devasacekim.com\/index.php?rest_route=%2Fwp%2Fv2%2Fmedia&parent=3187"}],"curies":[{"name":"wp","href":"https:\/\/api.w.org\/{rel}","templated":true}]}}