{"id":33,"date":"2023-12-07T04:36:00","date_gmt":"2023-12-07T04:36:00","guid":{"rendered":"https:\/\/wordpress.themeholy.com\/mediax\/?page_id=33"},"modified":"2024-09-24T11:00:05","modified_gmt":"2024-09-24T11:00:05","slug":"kadromuz","status":"publish","type":"page","link":"https:\/\/devasacekim.com\/?page_id=33","title":{"rendered":"Kadromuz"},"content":{"rendered":"\t\t<div data-elementor-type=\"wp-page\" data-elementor-id=\"33\" class=\"elementor elementor-33\">\n\t\t\t\t<div class=\"elementor-element elementor-element-f18d9fa e-flex e-con-boxed e-con e-parent\" data-id=\"f18d9fa\" data-element_type=\"container\" data-settings=\"{&quot;background_background&quot;:&quot;classic&quot;}\">\n\t\t\t\t\t<div class=\"e-con-inner\">\n\t\t\r\n<div class=\"elementor-element elementor-element-1e90350 e-con-full e-flex e-con e-child\" data-id=\"1e90350\" data-element_type=\"container\">\n\t\t\t\t<div class=\"elementor-element elementor-element-a429d09 elementor-widget elementor-widget-mediaxsectiontitle\" data-id=\"a429d09\" data-element_type=\"widget\" data-widget_type=\"mediaxsectiontitle.default\">\n\t\t\t\t<div class=\"elementor-widget-container\">\n\t\t\t\t\t\t<div class=\"title-area text-left \">\r\n\t\t\t\t<span class=\"sub-title \"><img decoding=\"async\" src=\"https:\/\/devasacekim.com\/wp-content\/plugins\/mediax-core\/assets\/img\/title_icon.svg\" alt=\"Shape\">UZMAN DOKTORLARIMIZ<\/span><h2 class=\"sec-title \">Profesyonel Ekip  \u0130le Sa\u00e7 Ekimi<\/h2>\t\t\t<\/div>\r\n\t\t\t\t<\/div>\n\t\t\t\t<\/div>\n\t\t\t\t<div class=\"elementor-element elementor-element-59ab03c elementor-widget elementor-widget-mediaxarrows\" data-id=\"59ab03c\" data-element_type=\"widget\" data-widget_type=\"mediaxarrows.default\">\n\t\t\t\t<div class=\"elementor-widget-container\">\n\t\t\t<div class=\"sec-btn \"><div class=\"icon-box\"><button data-slider-prev=\"#teamSlider2\" class=\"slider-arrow default\"><i class=\"far fa-arrow-left\"><\/i><\/button><button data-slider-next=\"#teamSlider2\" class=\"slider-arrow default\"><i class=\"far fa-arrow-right\"><\/i><\/button><\/div><\/div>\t\t<\/div>\n\t\t\t\t<\/div>\n\t\t\t\t<\/div>\n\t\t\t\t<div class=\"elementor-element elementor-element-a2ee9ab elementor-widget elementor-widget-mediaxteam\" data-id=\"a2ee9ab\" data-element_type=\"widget\" data-widget_type=\"mediaxteam.default\">\n\t\t\t\t<div class=\"elementor-widget-container\">\n\t\t\t<div class=\"swiper th-slider has-shadow\" id=\"teamSlider2\" data-slider-options='{\"breakpoints\":{\"0\":{\"slidesPerView\":1},\"576\":{\"slidesPerView\":\"1\"},\"768\":{\"slidesPerView\":\"2\"},\"992\":{\"slidesPerView\":\"3\"},\"1200\":{\"slidesPerView\":\"3\"}}}'><div class=\"swiper-wrapper\"><div class=\"swiper-slide\"><div class=\"th-team team-box\"><div class=\"box-img\"><img decoding=\"async\" src=\"https:\/\/wordpress.themeholy.com\/mediax\/wp-content\/uploads\/2023\/12\/team_2_1.jpg\" alt=\"team_2_1\"  \/><div class=\"th-social\"><a  href=\"https:\/\/facebook.com\/\"><i class=\"fab fa-facebook-f\"><\/i><\/a><a  href=\"https:\/\/twitter.com\/\"><i class=\"fab fa-twitter\"><\/i><\/a><a  href=\"https:\/\/linkedin.com\/\"><i class=\"fab fa-linkedin-in\"><\/i><\/a><\/div><\/div><h3 class=\"box-title\"><a href=\"https:\/\/wordpress.themeholy.com\/mediax\/team-details\/\">Kerem Korkmaz<\/a><\/h3><span class=\"team-desig\">Sa\u00e7 Ekim Uzman\u0131<\/span><\/div><\/div><div class=\"swiper-slide\"><div class=\"th-team team-box\"><div class=\"box-img\"><img decoding=\"async\" src=\"https:\/\/wordpress.themeholy.com\/mediax\/wp-content\/uploads\/2023\/12\/team_2_2.jpg\" alt=\"team_2_2\"  \/><div class=\"th-social\"><a  href=\"https:\/\/facebook.com\/\"><i class=\"fab fa-facebook-f\"><\/i><\/a><a  href=\"https:\/\/twitter.com\/\"><i class=\"fab fa-twitter\"><\/i><\/a><a  href=\"https:\/\/linkedin.com\/\"><i class=\"fab fa-linkedin-in\"><\/i><\/a><\/div><\/div><h3 class=\"box-title\"><a href=\"https:\/\/wordpress.themeholy.com\/mediax\/team-details\/\">Emel \u00c7a\u011flayan<\/a><\/h3><span class=\"team-desig\">Sa\u00e7 Ekim Uzman\u0131<\/span><\/div><\/div><div class=\"swiper-slide\"><div class=\"th-team team-box\"><div class=\"box-img\"><img decoding=\"async\" src=\"https:\/\/wordpress.themeholy.com\/mediax\/wp-content\/uploads\/2023\/12\/team_2_3.jpg\" alt=\"team_2_3\"  \/><div class=\"th-social\"><a  href=\"https:\/\/facebook.com\/\"><i class=\"fab fa-facebook-f\"><\/i><\/a><a  href=\"https:\/\/twitter.com\/\"><i class=\"fab fa-twitter\"><\/i><\/a><a  href=\"https:\/\/linkedin.com\/\"><i class=\"fab fa-linkedin-in\"><\/i><\/a><\/div><\/div><h3 class=\"box-title\"><a href=\"https:\/\/wordpress.themeholy.com\/mediax\/team-details\/\">Dr. Wisteria Ravenc<\/a><\/h3><span class=\"team-desig\">Sa\u00e7 Ekim Uzman\u0131<\/span><\/div><\/div><\/div><\/div>\t\t<\/div>\n\t\t\t\t<\/div>\n\t\t\t\t<div class=\"elementor-element elementor-element-77c6871 elementor-widget elementor-widget-mediaxtestimonialslider\" data-id=\"77c6871\" data-element_type=\"widget\" data-widget_type=\"mediaxtestimonialslider.default\">\n\t\t\t\t<div class=\"elementor-widget-container\">\n\t\t\t<div class=\"row g-0\"><div class=\"col-lg-5 order-2 order-lg-0\"><div class=\"testi-box-img\"><div class=\"swiper th-slider testi-box-thumb\" id=\"testiSlideImg\" data-slider-options='{\"effect\":\"fade\",\"spaceBetween\":0}'><div class=\"swiper-wrapper\"><div class=\"swiper-slide\"><img decoding=\"async\" src=\"https:\/\/wordpress.themeholy.com\/mediax\/wp-content\/uploads\/2023\/12\/testi_2_1.jpg\" alt=\"testi_2_1\"  \/><\/div><div class=\"swiper-slide\"><img decoding=\"async\" src=\"https:\/\/wordpress.themeholy.com\/mediax\/wp-content\/uploads\/2023\/12\/testi_2_2.jpg\" alt=\"testi_2_2\"  \/><\/div><\/div><\/div><button data-slider-prev=\"#testiSlide2\" class=\"slider-arrow default\"><i class=\"far fa-arrow-left\"><\/i><\/button><\/div><\/div><div class=\"col-lg-7\"><div class=\"title-area text-center\"><span class=\"sub-title\"><img decoding=\"async\" src=\"https:\/\/devasacekim.com\/wp-content\/plugins\/mediax-core\/assets\/img\/title_icon.svg\" alt=\"Shape\">M\u00fc\u015fteri Yorumlar\u0131<\/span><h2 class=\"sec-title\">Mutlu M\u00fc\u015fterilerimiz Bizim \u0130\u00e7in Ne Diyor?<\/h2><\/div><div class=\"testi-box-slide\"><div class=\"swiper th-slider\" id=\"testiSlide2\" data-slider-options='{\"effect\":\"slide\",\"thumbs\":{\"swiper\":\".testi-box-thumb\"}}'><div class=\"swiper-wrapper\"><div class=\"swiper-slide\"><div class=\"testi-box\"> <div class=\"box-review\"><i class=\"fa-solid fa-star\"><\/i><i class=\"fa-solid fa-star\"><\/i><i class=\"fa-solid fa-star\"><\/i><i class=\"fa-solid fa-star\"><\/i><i class=\"fa-solid fa-star\"><\/i><\/div><p class=\"box-text text\">Gitti\u011fim yerler 5000 greftlik ekim yapar\u0131z dedi, size gereken 3000 greftlik bir ekim dedi, e\u011fer 5000 al\u0131n\u0131rsa ileride bir daha ihtiya\u00e7 olmas\u0131 durumunda sa\u00e7 ekimi i\u00e7in toplayacak sa\u00e7 kalm\u0131yormu\u015f. Memnun ayr\u0131ld\u0131m.<\/p><h3 class=\"box-title name\">Kamil Ocaky\u0131lmaz<\/h3><span class=\"box-desig desig\">Sa\u00e7 Ekimi Uygulanan M\u00fc\u015fterimiz<\/span><\/div><\/div><div class=\"swiper-slide\"><div class=\"testi-box\"> <div class=\"box-review\"><i class=\"fa-solid fa-star\"><\/i><i class=\"fa-solid fa-star\"><\/i><i class=\"fa-solid fa-star\"><\/i><i class=\"fa-solid fa-star\"><\/i><i class=\"fa-solid fa-star\"><\/i><\/div><p class=\"box-text text\">\u00c7ok uzun s\u00fcreden beri sa\u00e7lar\u0131m\u0131 ektirmeyi d\u00fc\u015f\u00fcn\u00fcyordum, ancak nereye gidece\u011fimi bilmiyordum. Ara\u015ft\u0131rmaya ba\u015flay\u0131nca Deva Sa\u00e7 Ekim Merkezi ile kar\u015f\u0131la\u015ft\u0131m. Yasal \u00fcyeliklerinin olmas\u0131 beni ikna etti. \u0130leti\u015fime ge\u00e7tim ve bilgi ald\u0131m. Gergin olmama ra\u011fmen klini\u011fe gidince olduk\u00e7a rahat hissettim.<\/p><h3 class=\"box-title name\">Alexan Micelito<\/h3><span class=\"box-desig desig\">Dental Patient<\/span><\/div><\/div><\/div><\/div><div class=\"testi-box-quote\"><img decoding=\"async\" src=\"https:\/\/wordpress.themeholy.com\/mediax\/wp-content\/uploads\/2023\/12\/quote_2.svg\" alt=\"quote_2\"  \/><\/div><button data-slider-next=\"#testiSlide2\" class=\"slider-arrow default\"><i class=\"far fa-arrow-right\"><\/i><\/button><\/div><\/div><\/div>\t\t<\/div>\n\t\t\t\t<\/div>\n\t\t\t\t\t<\/div>\n\t\t\t\t<\/div>\n\t\t\t\t<\/div>\n\t\t","protected":false},"excerpt":{"rendered":"<p>UZMAN DOKTORLARIMIZ Profesyonel Ekip \u0130le Sa\u00e7 Ekimi Kerem Korkmaz Sa\u00e7 Ekim Uzman\u0131 Emel \u00c7a\u011flayan Sa\u00e7 Ekim Uzman\u0131 Dr. Wisteria Ravenc Sa\u00e7 Ekim Uzman\u0131 M\u00fc\u015fteri Yorumlar\u0131 Mutlu M\u00fc\u015fterilerimiz Bizim \u0130\u00e7in Ne Diyor? Gitti\u011fim yerler 5000 greftlik ekim yapar\u0131z dedi, size gereken 3000 greftlik bir ekim dedi, e\u011fer 5000 al\u0131n\u0131rsa ileride bir daha ihtiya\u00e7 olmas\u0131 durumunda sa\u00e7&#8230;<\/p>\n","protected":false},"author":1,"featured_media":0,"parent":0,"menu_order":0,"comment_status":"closed","ping_status":"closed","template":"template-builder.php","meta":{"_monsterinsights_skip_tracking":false,"_monsterinsights_sitenote_active":false,"_monsterinsights_sitenote_note":"","_monsterinsights_sitenote_category":0,"footnotes":""},"class_list":["post-33","page","type-page","status-publish","hentry"],"aioseo_notices":[],"_links":{"self":[{"href":"https:\/\/devasacekim.com\/index.php?rest_route=\/wp\/v2\/pages\/33","targetHints":{"allow":["GET"]}}],"collection":[{"href":"https:\/\/devasacekim.com\/index.php?rest_route=\/wp\/v2\/pages"}],"about":[{"href":"https:\/\/devasacekim.com\/index.php?rest_route=\/wp\/v2\/types\/page"}],"author":[{"embeddable":true,"href":"https:\/\/devasacekim.com\/index.php?rest_route=\/wp\/v2\/users\/1"}],"replies":[{"embeddable":true,"href":"https:\/\/devasacekim.com\/index.php?rest_route=%2Fwp%2Fv2%2Fcomments&post=33"}],"version-history":[{"count":8,"href":"https:\/\/devasacekim.com\/index.php?rest_route=\/wp\/v2\/pages\/33\/revisions"}],"predecessor-version":[{"id":3147,"href":"https:\/\/devasacekim.com\/index.php?rest_route=\/wp\/v2\/pages\/33\/revisions\/3147"}],"wp:attachment":[{"href":"https:\/\/devasacekim.com\/index.php?rest_route=%2Fwp%2Fv2%2Fmedia&parent=33"}],"curies":[{"name":"wp","href":"https:\/\/api.w.org\/{rel}","templated":true}]}}