{"id":35,"date":"2023-12-07T04:37:00","date_gmt":"2023-12-07T04:37:00","guid":{"rendered":"https:\/\/wordpress.themeholy.com\/mediax\/?page_id=35"},"modified":"2024-09-24T12:21:53","modified_gmt":"2024-09-24T12:21:53","slug":"hizmetlerimiz","status":"publish","type":"page","link":"https:\/\/devasacekim.com\/?page_id=35","title":{"rendered":"Hizmetlerimiz"},"content":{"rendered":"\t\t<div data-elementor-type=\"wp-page\" data-elementor-id=\"35\" class=\"elementor elementor-35\">\n\t\t\t\t<div class=\"elementor-element elementor-element-f414bb3 e-flex e-con-boxed e-con e-parent\" data-id=\"f414bb3\" data-element_type=\"container\" data-settings=\"{&quot;background_background&quot;:&quot;classic&quot;}\">\n\t\t\t\t\t<div class=\"e-con-inner\">\n\t\t\r\n\t\t<div class=\"elementor-element elementor-element-43fee8b elementor-widget__width-initial elementor-widget-tablet__width-inherit elementor-widget elementor-widget-mediaxsectiontitle\" data-id=\"43fee8b\" data-element_type=\"widget\" data-widget_type=\"mediaxsectiontitle.default\">\n\t\t\t\t<div class=\"elementor-widget-container\">\n\t\t\t\t\t\t<div class=\"title-area text-center \">\r\n\t\t\t\t<span class=\"sub-title \"><img decoding=\"async\" src=\"https:\/\/devasacekim.com\/wp-content\/plugins\/mediax-core\/assets\/img\/title_icon.svg\" alt=\"Shape\">DEVA SA\u00c7 EK\u0130M MERKEZ\u0130<\/span><h2 class=\"sec-title \">Her Ge\u00e7en G\u00fcn Daha \u0130yisi Olmak \u0130\u00e7in \u00c7al\u0131\u015f\u0131yoruz<\/h2>\t\t\t<\/div>\r\n\t\t\t\t<\/div>\n\t\t\t\t<\/div>\n\t\t\t\t<div class=\"elementor-element elementor-element-657c3ef elementor-widget elementor-widget-mediaxservice\" data-id=\"657c3ef\" data-element_type=\"widget\" data-widget_type=\"mediaxservice.default\">\n\t\t\t\t<div class=\"elementor-widget-container\">\n\t\t\t<div class=\"row gy-4 justify-content-center\"><div class=\"col-xl-3 col-lg-4 col-sm-6\"><div class=\"service-card\" data-bg-src=\"https:\/\/devasacekim.com\/wp-content\/uploads\/2024\/03\/cta_bg_9.jpg\"><div class=\"box-icon\"><img decoding=\"async\" src=\"https:\/\/devasacekim.com\/wp-content\/uploads\/2024\/03\/why_box_1.svg\" alt=\"why_box_1\"  \/><\/div><h3 class=\"box-title title\"><a href=\"https:\/\/devasacekim.com\/?page_id=3161\">Sa\u00e7 Ekimi<\/a><\/h3><a href=\"https:\/\/devasacekim.com\/?page_id=3161\" class=\"th-btn btn-sm style2 theme-color th_btn\">Detayl\u0131 Bilgi<\/a><\/div><\/div><div class=\"col-xl-3 col-lg-4 col-sm-6\"><div class=\"service-card\" data-bg-src=\"https:\/\/devasacekim.com\/wp-content\/uploads\/2024\/03\/cta_bg_9.jpg\"><div class=\"box-icon\"><img decoding=\"async\" src=\"https:\/\/devasacekim.com\/wp-content\/uploads\/2024\/03\/why_box_1.svg\" alt=\"why_box_1\"  \/><\/div><h3 class=\"box-title title\"><a href=\"https:\/\/devasacekim.com\/?page_id=3176\">Sakal Ekimi<\/a><\/h3><a href=\"https:\/\/devasacekim.com\/?page_id=3176\" class=\"th-btn btn-sm style2 theme-color th_btn\">Detayl\u0131 Bilgi<\/a><\/div><\/div><div class=\"col-xl-3 col-lg-4 col-sm-6\"><div class=\"service-card\" data-bg-src=\"https:\/\/devasacekim.com\/wp-content\/uploads\/2024\/03\/cta_bg_9.jpg\"><div class=\"box-icon\"><img decoding=\"async\" src=\"https:\/\/devasacekim.com\/wp-content\/uploads\/2024\/03\/why_box_1.svg\" alt=\"why_box_1\"  \/><\/div><h3 class=\"box-title title\"><a href=\"https:\/\/devasacekim.com\/?page_id=3187\">B\u0131y\u0131k Ekimi<\/a><\/h3><a href=\"https:\/\/devasacekim.com\/?page_id=3187\" class=\"th-btn btn-sm style2 theme-color th_btn\">Detayl\u0131 Bilgi<\/a><\/div><\/div><div class=\"col-xl-3 col-lg-4 col-sm-6\"><div class=\"service-card\" data-bg-src=\"https:\/\/devasacekim.com\/wp-content\/uploads\/2024\/03\/cta_bg_9.jpg\"><div class=\"box-icon\"><img decoding=\"async\" src=\"https:\/\/devasacekim.com\/wp-content\/uploads\/2024\/03\/why_box_1.svg\" alt=\"why_box_1\"  \/><\/div><h3 class=\"box-title title\"><a href=\"https:\/\/devasacekim.com\/?page_id=3195\">Ka\u015f Ekimi<\/a><\/h3><a href=\"https:\/\/devasacekim.com\/?page_id=3195\" class=\"th-btn btn-sm style2 theme-color th_btn\">Detayl\u0131 Bilgi<\/a><\/div><\/div><div class=\"col-xl-3 col-lg-4 col-sm-6\"><div class=\"service-card\" data-bg-src=\"https:\/\/devasacekim.com\/wp-content\/uploads\/2024\/03\/cta_bg_9.jpg\"><div class=\"box-icon\"><img decoding=\"async\" src=\"https:\/\/devasacekim.com\/wp-content\/uploads\/2024\/09\/doc_svg_icon.svg\" alt=\"doc_svg_icon\"  \/><\/div><h3 class=\"box-title title\"><a href=\"https:\/\/devasacekim.com\/?page_id=3203\">PRP Tedavisi<\/a><\/h3><a href=\"https:\/\/devasacekim.com\/?page_id=3203\" class=\"th-btn btn-sm style2 theme-color th_btn\">Detayl\u0131 Bilgi<\/a><\/div><\/div><div class=\"col-xl-3 col-lg-4 col-sm-6\"><div class=\"service-card\" data-bg-src=\"https:\/\/devasacekim.com\/wp-content\/uploads\/2024\/03\/cta_bg_9.jpg\"><div class=\"box-icon\"><img decoding=\"async\" src=\"https:\/\/devasacekim.com\/wp-content\/uploads\/2024\/09\/doc_svg_icon.svg\" alt=\"doc_svg_icon\"  \/><\/div><h3 class=\"box-title title\"><a href=\"https:\/\/devasacekim.com\/?page_id=3211\">Mezoterapi<\/a><\/h3><a href=\"https:\/\/devasacekim.com\/?page_id=3211\" class=\"th-btn btn-sm style2 theme-color th_btn\">Detayl\u0131 Bilgi<\/a><\/div><\/div><div class=\"col-xl-3 col-lg-4 col-sm-6\"><div class=\"service-card\" data-bg-src=\"https:\/\/devasacekim.com\/wp-content\/uploads\/2024\/03\/cta_bg_9.jpg\"><div class=\"box-icon\"><img decoding=\"async\" src=\"https:\/\/devasacekim.com\/wp-content\/uploads\/2024\/09\/doc_svg_icon.svg\" alt=\"doc_svg_icon\"  \/><\/div><h3 class=\"box-title title\"><a href=\"https:\/\/devasacekim.com\/?page_id=3219\">Kad\u0131n Sa\u00e7 Ekimi<\/a><\/h3><a href=\"https:\/\/devasacekim.com\/?page_id=3219\" class=\"th-btn btn-sm style2 theme-color th_btn\">Detayl\u0131 Bilgi<\/a><\/div><\/div><div class=\"col-xl-3 col-lg-4 col-sm-6\"><div class=\"service-card\" data-bg-src=\"https:\/\/devasacekim.com\/wp-content\/uploads\/2024\/03\/cta_bg_9.jpg\"><div class=\"box-icon\"><img decoding=\"async\" src=\"https:\/\/devasacekim.com\/wp-content\/uploads\/2024\/09\/doc_svg_icon.svg\" alt=\"doc_svg_icon\"  \/><\/div><h3 class=\"box-title title\"><a href=\"https:\/\/devasacekim.com\/?page_id=3230\">Online Destek<\/a><\/h3><a href=\"https:\/\/devasacekim.com\/?page_id=3230\" class=\"th-btn btn-sm style2 theme-color th_btn\">Detayl\u0131 Bilgi<\/a><\/div><\/div><\/div>\t\t<\/div>\n\t\t\t\t<\/div>\n\t\t\t\t\t<\/div>\n\t\t\t\t<\/div>\n\t\t<div class=\"elementor-element elementor-element-2b8d102 e-flex e-con-boxed e-con e-parent\" data-id=\"2b8d102\" data-element_type=\"container\">\n\t\t\t\t\t<div class=\"e-con-inner\">\n\t\t\t\t<div class=\"elementor-element elementor-element-e01903c elementor-widget elementor-widget-mediaxcta\" data-id=\"e01903c\" data-element_type=\"widget\" data-widget_type=\"mediaxcta.default\">\n\t\t\t\t<div class=\"elementor-widget-container\">\n\t\t\t<div class=\"cta-sec5 mega-hover\" data-bg-src=\"https:\/\/devasacekim.com\/wp-content\/uploads\/2024\/07\/sac-ekim-klavuzu.png\"><h2 class=\"sec-title mb-35 title\">T\u00fcrkiye'de Bir \u0130lk <br \/>Sa\u00e7 Ekim K\u0131lavuzu<\/h2><a href=\"\" class=\"th-btn style4 shadow-1 th_btn\">K\u0131lavuzu \u0130ndirmek \u0130\u00e7in T\u0131klay\u0131n<\/a><\/div>\t\t<\/div>\n\t\t\t\t<\/div>\n\t\t\t\t\t<\/div>\n\t\t\t\t<\/div>\n\t\t\t\t<\/div>\n\t\t","protected":false},"excerpt":{"rendered":"<p>DEVA SA\u00c7 EK\u0130M MERKEZ\u0130 Her Ge\u00e7en G\u00fcn Daha \u0130yisi Olmak \u0130\u00e7in \u00c7al\u0131\u015f\u0131yoruz Sa\u00e7 Ekimi Detayl\u0131 Bilgi Sakal Ekimi Detayl\u0131 Bilgi B\u0131y\u0131k Ekimi Detayl\u0131 Bilgi Ka\u015f Ekimi Detayl\u0131 Bilgi PRP Tedavisi Detayl\u0131 Bilgi Mezoterapi Detayl\u0131 Bilgi Kad\u0131n Sa\u00e7 Ekimi Detayl\u0131 Bilgi Online Destek Detayl\u0131 Bilgi T\u00fcrkiye&#8217;de Bir \u0130lk Sa\u00e7 Ekim K\u0131lavuzu K\u0131lavuzu \u0130ndirmek \u0130\u00e7in T\u0131klay\u0131n<\/p>\n","protected":false},"author":1,"featured_media":0,"parent":0,"menu_order":0,"comment_status":"closed","ping_status":"closed","template":"template-builder.php","meta":{"_monsterinsights_skip_tracking":false,"_monsterinsights_sitenote_active":false,"_monsterinsights_sitenote_note":"","_monsterinsights_sitenote_category":0,"footnotes":""},"class_list":["post-35","page","type-page","status-publish","hentry"],"aioseo_notices":[],"_links":{"self":[{"href":"https:\/\/devasacekim.com\/index.php?rest_route=\/wp\/v2\/pages\/35","targetHints":{"allow":["GET"]}}],"collection":[{"href":"https:\/\/devasacekim.com\/index.php?rest_route=\/wp\/v2\/pages"}],"about":[{"href":"https:\/\/devasacekim.com\/index.php?rest_route=\/wp\/v2\/types\/page"}],"author":[{"embeddable":true,"href":"https:\/\/devasacekim.com\/index.php?rest_route=\/wp\/v2\/users\/1"}],"replies":[{"embeddable":true,"href":"https:\/\/devasacekim.com\/index.php?rest_route=%2Fwp%2Fv2%2Fcomments&post=35"}],"version-history":[{"count":41,"href":"https:\/\/devasacekim.com\/index.php?rest_route=\/wp\/v2\/pages\/35\/revisions"}],"predecessor-version":[{"id":3237,"href":"https:\/\/devasacekim.com\/index.php?rest_route=\/wp\/v2\/pages\/35\/revisions\/3237"}],"wp:attachment":[{"href":"https:\/\/devasacekim.com\/index.php?rest_route=%2Fwp%2Fv2%2Fmedia&parent=35"}],"curies":[{"name":"wp","href":"https:\/\/api.w.org\/{rel}","templated":true}]}}